{"id":1817,"date":"2023-04-20T15:49:19","date_gmt":"2023-04-20T15:49:19","guid":{"rendered":"https:\/\/inteligensa.com\/inteligensanew\/?page_id=1817"},"modified":"2025-11-21T10:01:19","modified_gmt":"2025-11-21T14:01:19","slug":"sistemas-de-pago","status":"publish","type":"page","link":"https:\/\/inteligensa.com\/en\/sistemas-de-pago\/","title":{"rendered":"Sistemas de Pago"},"content":{"rendered":"<div data-elementor-type=\"wp-page\" data-elementor-id=\"1817\" class=\"elementor elementor-1817\" data-elementor-post-type=\"page\">\n\t\t\t\t\t\t<section class=\"elementor-section elementor-top-section elementor-element elementor-element-10cb579e elementor-section-height-min-height elementor-section-boxed elementor-section-height-default elementor-section-items-middle\" data-id=\"10cb579e\" data-element_type=\"section\" id=\"intelipunto\" data-settings=\"{&quot;background_background&quot;:&quot;classic&quot;}\">\n\t\t\t\t\t\t<div class=\"elementor-container elementor-column-gap-default\">\n\t\t\t\t\t<div class=\"elementor-column elementor-col-100 elementor-top-column elementor-element elementor-element-67a4e30b\" data-id=\"67a4e30b\" data-element_type=\"column\">\n\t\t\t<div class=\"elementor-widget-wrap elementor-element-populated\">\n\t\t\t\t\t\t<div class=\"elementor-element elementor-element-244d39aa elementor-widget elementor-widget-image\" data-id=\"244d39aa\" data-element_type=\"widget\" data-widget_type=\"image.default\">\n\t\t\t\t<div class=\"elementor-widget-container\">\n\t\t\t\t\t\t\t\t\t\t\t\t\t\t\t<img loading=\"lazy\" decoding=\"async\" width=\"723\" height=\"198\" src=\"https:\/\/i0.wp.com\/inteligensa.com\/wp-content\/uploads\/2023\/09\/IMG-03-TySdP_2_Logo-Intelipunto.png?fit=723%2C198&amp;ssl=1\" class=\"attachment-medium_large size-medium_large wp-image-3066\" alt=\"\" srcset=\"https:\/\/i0.wp.com\/inteligensa.com\/wp-content\/uploads\/2023\/09\/IMG-03-TySdP_2_Logo-Intelipunto.png?w=723&amp;ssl=1 723w, https:\/\/i0.wp.com\/inteligensa.com\/wp-content\/uploads\/2023\/09\/IMG-03-TySdP_2_Logo-Intelipunto.png?resize=300%2C82&amp;ssl=1 300w\" sizes=\"auto, (max-width: 723px) 100vw, 723px\" \/>\t\t\t\t\t\t\t\t\t\t\t\t\t\t\t<\/div>\n\t\t\t\t<\/div>\n\t\t\t\t\t<\/div>\n\t\t<\/div>\n\t\t\t\t\t<\/div>\n\t\t<\/section>\n\t\t\t\t<section class=\"elementor-section elementor-top-section elementor-element elementor-element-697becfe elementor-section-boxed elementor-section-height-default elementor-section-height-default\" data-id=\"697becfe\" data-element_type=\"section\">\n\t\t\t\t\t\t<div class=\"elementor-container elementor-column-gap-default\">\n\t\t\t\t\t<div class=\"elementor-column elementor-col-100 elementor-top-column elementor-element elementor-element-1777d5c6\" data-id=\"1777d5c6\" data-element_type=\"column\">\n\t\t\t<div class=\"elementor-widget-wrap elementor-element-populated\">\n\t\t\t\t\t\t<section class=\"elementor-section elementor-inner-section elementor-element elementor-element-7feae18c elementor-section-full_width elementor-section-height-default elementor-section-height-default\" data-id=\"7feae18c\" data-element_type=\"section\">\n\t\t\t\t\t\t<div class=\"elementor-container elementor-column-gap-default\">\n\t\t\t\t\t<div class=\"elementor-column elementor-col-50 elementor-inner-column elementor-element elementor-element-35b4bd4d\" data-id=\"35b4bd4d\" data-element_type=\"column\">\n\t\t\t<div class=\"elementor-widget-wrap elementor-element-populated\">\n\t\t\t\t\t\t<div class=\"elementor-element elementor-element-77dcd85d elementor-widget elementor-widget-image\" data-id=\"77dcd85d\" data-element_type=\"widget\" data-widget_type=\"image.default\">\n\t\t\t\t<div class=\"elementor-widget-container\">\n\t\t\t\t\t\t\t\t\t\t\t\t\t\t\t<img loading=\"lazy\" decoding=\"async\" width=\"307\" height=\"558\" src=\"https:\/\/i0.wp.com\/inteligensa.com\/wp-content\/uploads\/2025\/11\/IMG-03-TySdP_2_Punto-de-Venta.webp?fit=307%2C558&amp;ssl=1\" class=\"attachment-large size-large wp-image-3816\" alt=\"\" srcset=\"https:\/\/i0.wp.com\/inteligensa.com\/wp-content\/uploads\/2025\/11\/IMG-03-TySdP_2_Punto-de-Venta.webp?w=307&amp;ssl=1 307w, https:\/\/i0.wp.com\/inteligensa.com\/wp-content\/uploads\/2025\/11\/IMG-03-TySdP_2_Punto-de-Venta.webp?resize=165%2C300&amp;ssl=1 165w, https:\/\/i0.wp.com\/inteligensa.com\/wp-content\/uploads\/2025\/11\/IMG-03-TySdP_2_Punto-de-Venta.webp?resize=50%2C91&amp;ssl=1 50w, https:\/\/i0.wp.com\/inteligensa.com\/wp-content\/uploads\/2025\/11\/IMG-03-TySdP_2_Punto-de-Venta.webp?resize=7%2C12&amp;ssl=1 7w\" sizes=\"auto, (max-width: 307px) 100vw, 307px\" \/>\t\t\t\t\t\t\t\t\t\t\t\t\t\t\t<\/div>\n\t\t\t\t<\/div>\n\t\t\t\t\t<\/div>\n\t\t<\/div>\n\t\t\t\t<div class=\"elementor-column elementor-col-50 elementor-inner-column elementor-element elementor-element-22f11e10\" data-id=\"22f11e10\" data-element_type=\"column\">\n\t\t\t<div class=\"elementor-widget-wrap elementor-element-populated\">\n\t\t\t\t\t\t<div class=\"elementor-element elementor-element-70d0a2be elementor-widget elementor-widget-text-editor\" data-id=\"70d0a2be\" data-element_type=\"widget\" data-widget_type=\"text-editor.default\">\n\t\t\t\t<div class=\"elementor-widget-container\">\n\t\t\t\t\t\t\t\t\t<p>Ofrecemos soluciones de pagos para su comercio mediante la oferta de terminales de<br \/>puntos de venta de \u00faltima generaci\u00f3n, que le garantizan un funcionamiento \u00f3ptimo para<br \/>el procesamiento de sus ventas, con acceso al Sistema Intelipunto, una red de servicios<br \/>que le conectan con todos los switches transaccionales y la mayor cantidad de bancos<br \/>afiliados y la m\u00e1s amplia cobertura de atenci\u00f3n y servicios.<\/p>\t\t\t\t\t\t\t\t<\/div>\n\t\t\t\t<\/div>\n\t\t\t\t<div class=\"elementor-element elementor-element-3b8b3371 elementor-widget elementor-widget-heading\" data-id=\"3b8b3371\" data-element_type=\"widget\" data-widget_type=\"heading.default\">\n\t\t\t\t<div class=\"elementor-widget-container\">\n\t\t\t\t\t<h3 class=\"elementor-heading-title elementor-size-large\">Intelipunto. \u00a1Somos el Coraz\u00f3n de Tu Negocio!<\/h3>\t\t\t\t<\/div>\n\t\t\t\t<\/div>\n\t\t\t\t<div class=\"elementor-element elementor-element-7455f26c elementor-widget elementor-widget-button\" data-id=\"7455f26c\" data-element_type=\"widget\" data-widget_type=\"button.default\">\n\t\t\t\t<div class=\"elementor-widget-container\">\n\t\t\t\t\t\t\t\t\t<div class=\"elementor-button-wrapper\">\n\t\t\t\t\t<a class=\"elementor-button elementor-button-link elementor-size-sm\" href=\"https:\/\/intelipunto.com\/\">\n\t\t\t\t\t\t<span class=\"elementor-button-content-wrapper\">\n\t\t\t\t\t\t\t\t\t<span class=\"elementor-button-text\">Saber m\u00e1s<\/span>\n\t\t\t\t\t<\/span>\n\t\t\t\t\t<\/a>\n\t\t\t\t<\/div>\n\t\t\t\t\t\t\t\t<\/div>\n\t\t\t\t<\/div>\n\t\t\t\t\t<\/div>\n\t\t<\/div>\n\t\t\t\t\t<\/div>\n\t\t<\/section>\n\t\t\t\t<div class=\"elementor-element elementor-element-7c7d916f elementor-widget-divider--view-line elementor-widget elementor-widget-divider\" data-id=\"7c7d916f\" data-element_type=\"widget\" id=\"intelisoft\" data-widget_type=\"divider.default\">\n\t\t\t\t<div class=\"elementor-widget-container\">\n\t\t\t\t\t\t\t<div class=\"elementor-divider\">\n\t\t\t<span class=\"elementor-divider-separator\">\n\t\t\t\t\t\t<\/span>\n\t\t<\/div>\n\t\t\t\t\t\t<\/div>\n\t\t\t\t<\/div>\n\t\t\t\t<section class=\"elementor-section elementor-inner-section elementor-element elementor-element-4b21f945 elementor-section-boxed elementor-section-height-default elementor-section-height-default\" data-id=\"4b21f945\" data-element_type=\"section\" id=\"intelisoft\">\n\t\t\t\t\t\t<div class=\"elementor-container elementor-column-gap-default\">\n\t\t\t\t\t<div class=\"elementor-column elementor-col-50 elementor-inner-column elementor-element elementor-element-45bc7bc1\" data-id=\"45bc7bc1\" data-element_type=\"column\">\n\t\t\t<div class=\"elementor-widget-wrap elementor-element-populated\">\n\t\t\t\t\t\t<div class=\"elementor-element elementor-element-4a40fbce elementor-widget elementor-widget-text-editor\" data-id=\"4a40fbce\" data-element_type=\"widget\" data-widget_type=\"text-editor.default\">\n\t\t\t\t<div class=\"elementor-widget-container\">\n\t\t\t\t\t\t\t\t\t<p><strong>Intelisoft<\/strong> es la unidad encargada de gestionar todos los sistemas de informaci\u00f3n de Inteligensa. Est\u00e1 conformada por un equipo de expertos en inform\u00e1tica, computaci\u00f3n y electr\u00f3nica quienes desarrollan aplicativos para puntos de venta, p\u00e1ginas web, sistemas internos para controles de gesti\u00f3n de empresas y sistemas administrativos para la gesti\u00f3n comercial (CRM).<\/p>\t\t\t\t\t\t\t\t<\/div>\n\t\t\t\t<\/div>\n\t\t\t\t\t<\/div>\n\t\t<\/div>\n\t\t\t\t<div class=\"elementor-column elementor-col-50 elementor-inner-column elementor-element elementor-element-5e07e2c4\" data-id=\"5e07e2c4\" data-element_type=\"column\">\n\t\t\t<div class=\"elementor-widget-wrap elementor-element-populated\">\n\t\t\t\t\t\t<div class=\"elementor-element elementor-element-4d032606 elementor-widget elementor-widget-image\" data-id=\"4d032606\" data-element_type=\"widget\" data-widget_type=\"image.default\">\n\t\t\t\t<div class=\"elementor-widget-container\">\n\t\t\t\t\t\t\t\t\t\t\t\t\t\t\t<img loading=\"lazy\" decoding=\"async\" width=\"508\" height=\"92\" src=\"https:\/\/i0.wp.com\/inteligensa.com\/wp-content\/uploads\/2023\/09\/IMG-03-TySdP_2_Logo-Intelisoft.png?fit=508%2C92&amp;ssl=1\" class=\"attachment-large size-large wp-image-3068\" alt=\"\" srcset=\"https:\/\/i0.wp.com\/inteligensa.com\/wp-content\/uploads\/2023\/09\/IMG-03-TySdP_2_Logo-Intelisoft.png?w=508&amp;ssl=1 508w, https:\/\/i0.wp.com\/inteligensa.com\/wp-content\/uploads\/2023\/09\/IMG-03-TySdP_2_Logo-Intelisoft.png?resize=300%2C54&amp;ssl=1 300w\" sizes=\"auto, (max-width: 508px) 100vw, 508px\" \/>\t\t\t\t\t\t\t\t\t\t\t\t\t\t\t<\/div>\n\t\t\t\t<\/div>\n\t\t\t\t\t<\/div>\n\t\t<\/div>\n\t\t\t\t\t<\/div>\n\t\t<\/section>\n\t\t\t\t\t<\/div>\n\t\t<\/div>\n\t\t\t\t\t<\/div>\n\t\t<\/section>\n\t\t\t\t<section class=\"elementor-section elementor-top-section elementor-element elementor-element-1a799168 elementor-section-height-min-height elementor-section-boxed elementor-section-height-default elementor-section-items-middle\" data-id=\"1a799168\" data-element_type=\"section\" data-settings=\"{&quot;background_background&quot;:&quot;classic&quot;}\">\n\t\t\t\t\t\t<div class=\"elementor-container elementor-column-gap-default\">\n\t\t\t\t\t<div class=\"elementor-column elementor-col-50 elementor-top-column elementor-element elementor-element-3c6cbb03\" data-id=\"3c6cbb03\" data-element_type=\"column\">\n\t\t\t<div class=\"elementor-widget-wrap\">\n\t\t\t\t\t\t\t<\/div>\n\t\t<\/div>\n\t\t\t\t<div class=\"elementor-column elementor-col-50 elementor-top-column elementor-element elementor-element-28707c78\" data-id=\"28707c78\" data-element_type=\"column\">\n\t\t\t<div class=\"elementor-widget-wrap elementor-element-populated\">\n\t\t\t\t\t\t<div class=\"elementor-element elementor-element-305fd34b elementor-widget__width-initial elementor-widget elementor-widget-text-editor\" data-id=\"305fd34b\" data-element_type=\"widget\" data-widget_type=\"text-editor.default\">\n\t\t\t\t<div class=\"elementor-widget-container\">\n\t\t\t\t\t\t\t\t\t<p><strong>En Inteligensa encontrar\u00e1 la satisfacci\u00f3n a sus necesidades<\/strong> ya que estamos en capacidad de ofrecerle todo nuestro conocimiento y experiencia para crear soluciones hechas a su medida. Desde la visi\u00f3n estrat\u00e9gica comercial hasta el dise\u00f1o de soluciones de software, con un acompa\u00f1amiento para crear el producto que requiera su empresa.<\/p>\t\t\t\t\t\t\t\t<\/div>\n\t\t\t\t<\/div>\n\t\t\t\t\t<\/div>\n\t\t<\/div>\n\t\t\t\t\t<\/div>\n\t\t<\/section>\n\t\t\t\t<\/div>","protected":false},"excerpt":{"rendered":"<p>Ofrecemos soluciones de pagos para su comercio mediante la oferta de terminales depuntos de venta de \u00faltima generaci\u00f3n, que le [&hellip;]<\/p>","protected":false},"author":1,"featured_media":0,"parent":0,"menu_order":0,"comment_status":"closed","ping_status":"closed","template":"","meta":{"nf_dc_page":"","om_disable_all_campaigns":false,"_monsterinsights_skip_tracking":false,"_monsterinsights_sitenote_active":false,"_monsterinsights_sitenote_note":"","_monsterinsights_sitenote_category":0,"site-sidebar-layout":"no-sidebar","site-content-layout":"page-builder","ast-site-content-layout":"full-width-container","site-content-style":"unboxed","site-sidebar-style":"unboxed","ast-global-header-display":"","ast-banner-title-visibility":"","ast-main-header-display":"","ast-hfb-above-header-display":"","ast-hfb-below-header-display":"","ast-hfb-mobile-header-display":"","site-post-title":"disabled","ast-breadcrumbs-content":"","ast-featured-img":"disabled","footer-sml-layout":"","ast-disable-related-posts":"","theme-transparent-header-meta":"","adv-header-id-meta":"","stick-header-meta":"","header-above-stick-meta":"","header-main-stick-meta":"","header-below-stick-meta":"","astra-migrate-meta-layouts":"set","ast-page-background-enabled":"default","ast-page-background-meta":{"desktop":{"background-color":"","background-image":"","background-repeat":"repeat","background-position":"center center","background-size":"auto","background-attachment":"scroll","background-type":"","background-media":"","overlay-type":"","overlay-color":"","overlay-opacity":"","overlay-gradient":""},"tablet":{"background-color":"","background-image":"","background-repeat":"repeat","background-position":"center center","background-size":"auto","background-attachment":"scroll","background-type":"","background-media":"","overlay-type":"","overlay-color":"","overlay-opacity":"","overlay-gradient":""},"mobile":{"background-color":"","background-image":"","background-repeat":"repeat","background-position":"center center","background-size":"auto","background-attachment":"scroll","background-type":"","background-media":"","overlay-type":"","overlay-color":"","overlay-opacity":"","overlay-gradient":""}},"ast-content-background-meta":{"desktop":{"background-color":"var(--ast-global-color-5)","background-image":"","background-repeat":"repeat","background-position":"center center","background-size":"auto","background-attachment":"scroll","background-type":"","background-media":"","overlay-type":"","overlay-color":"","overlay-opacity":"","overlay-gradient":""},"tablet":{"background-color":"var(--ast-global-color-5)","background-image":"","background-repeat":"repeat","background-position":"center center","background-size":"auto","background-attachment":"scroll","background-type":"","background-media":"","overlay-type":"","overlay-color":"","overlay-opacity":"","overlay-gradient":""},"mobile":{"background-color":"var(--ast-global-color-5)","background-image":"","background-repeat":"repeat","background-position":"center center","background-size":"auto","background-attachment":"scroll","background-type":"","background-media":"","overlay-type":"","overlay-color":"","overlay-opacity":"","overlay-gradient":""}},"footnotes":""},"class_list":["post-1817","page","type-page","status-publish","hentry"],"yoast_head":"<!-- This site is optimized with the Yoast SEO plugin v27.2 - https:\/\/yoast.com\/product\/yoast-seo-wordpress\/ -->\n<title>Sistemas de Pago - Inteligensa<\/title>\n<meta name=\"robots\" content=\"index, follow, max-snippet:-1, max-image-preview:large, max-video-preview:-1\" \/>\n<link rel=\"canonical\" href=\"https:\/\/www.inteligensa.com\/sistemas-de-pago\/\" \/>\n<meta property=\"og:locale\" content=\"en_US\" \/>\n<meta property=\"og:type\" content=\"article\" \/>\n<meta property=\"og:title\" content=\"Sistemas de Pago - Inteligensa\" \/>\n<meta property=\"og:description\" content=\"Ofrecemos soluciones de pagos para su comercio mediante la oferta de terminales depuntos de venta de \u00faltima generaci\u00f3n, que le [&hellip;]\" \/>\n<meta property=\"og:url\" content=\"https:\/\/www.inteligensa.com\/sistemas-de-pago\/\" \/>\n<meta property=\"og:site_name\" content=\"Inteligensa\" \/>\n<meta property=\"article:modified_time\" content=\"2025-11-21T14:01:19+00:00\" \/>\n<meta property=\"og:image\" content=\"https:\/\/www.inteligensa.com\/wp-content\/uploads\/2023\/09\/IMG-03-TySdP_2_Logo-Intelipunto.png\" \/>\n<meta name=\"twitter:card\" content=\"summary_large_image\" \/>\n<meta name=\"twitter:label1\" content=\"Est. reading time\" \/>\n\t<meta name=\"twitter:data1\" content=\"2 minutes\" \/>\n<script type=\"application\/ld+json\" class=\"yoast-schema-graph\">{\"@context\":\"https:\/\/schema.org\",\"@graph\":[{\"@type\":\"WebPage\",\"@id\":\"https:\/\/www.inteligensa.com\/sistemas-de-pago\/\",\"url\":\"https:\/\/www.inteligensa.com\/sistemas-de-pago\/\",\"name\":\"Sistemas de Pago - Inteligensa\",\"isPartOf\":{\"@id\":\"https:\/\/www.inteligensa.com\/#website\"},\"primaryImageOfPage\":{\"@id\":\"https:\/\/www.inteligensa.com\/sistemas-de-pago\/#primaryimage\"},\"image\":{\"@id\":\"https:\/\/www.inteligensa.com\/sistemas-de-pago\/#primaryimage\"},\"thumbnailUrl\":\"https:\/\/inteligensa.com\/wp-content\/uploads\/2023\/09\/IMG-03-TySdP_2_Logo-Intelipunto.png\",\"datePublished\":\"2023-04-20T15:49:19+00:00\",\"dateModified\":\"2025-11-21T14:01:19+00:00\",\"breadcrumb\":{\"@id\":\"https:\/\/www.inteligensa.com\/sistemas-de-pago\/#breadcrumb\"},\"inLanguage\":\"en-US\",\"potentialAction\":[{\"@type\":\"ReadAction\",\"target\":[\"https:\/\/www.inteligensa.com\/sistemas-de-pago\/\"]}]},{\"@type\":\"ImageObject\",\"inLanguage\":\"en-US\",\"@id\":\"https:\/\/www.inteligensa.com\/sistemas-de-pago\/#primaryimage\",\"url\":\"https:\/\/inteligensa.com\/wp-content\/uploads\/2023\/09\/IMG-03-TySdP_2_Logo-Intelipunto.png\",\"contentUrl\":\"https:\/\/inteligensa.com\/wp-content\/uploads\/2023\/09\/IMG-03-TySdP_2_Logo-Intelipunto.png\"},{\"@type\":\"BreadcrumbList\",\"@id\":\"https:\/\/www.inteligensa.com\/sistemas-de-pago\/#breadcrumb\",\"itemListElement\":[{\"@type\":\"ListItem\",\"position\":1,\"name\":\"Home\",\"item\":\"https:\/\/inteligensa.com\/\"},{\"@type\":\"ListItem\",\"position\":2,\"name\":\"Sistemas de Pago\"}]},{\"@type\":\"WebSite\",\"@id\":\"https:\/\/www.inteligensa.com\/#website\",\"url\":\"https:\/\/www.inteligensa.com\/\",\"name\":\"Inteligensa\",\"description\":\"Inteligensa\",\"potentialAction\":[{\"@type\":\"SearchAction\",\"target\":{\"@type\":\"EntryPoint\",\"urlTemplate\":\"https:\/\/www.inteligensa.com\/?s={search_term_string}\"},\"query-input\":{\"@type\":\"PropertyValueSpecification\",\"valueRequired\":true,\"valueName\":\"search_term_string\"}}],\"inLanguage\":\"en-US\"}]}<\/script>\n<!-- \/ Yoast SEO plugin. -->","yoast_head_json":{"title":"Sistemas de Pago - Inteligensa","robots":{"index":"index","follow":"follow","max-snippet":"max-snippet:-1","max-image-preview":"max-image-preview:large","max-video-preview":"max-video-preview:-1"},"canonical":"https:\/\/www.inteligensa.com\/sistemas-de-pago\/","og_locale":"en_US","og_type":"article","og_title":"Sistemas de Pago - Inteligensa","og_description":"Ofrecemos soluciones de pagos para su comercio mediante la oferta de terminales depuntos de venta de \u00faltima generaci\u00f3n, que le [&hellip;]","og_url":"https:\/\/www.inteligensa.com\/sistemas-de-pago\/","og_site_name":"Inteligensa","article_modified_time":"2025-11-21T14:01:19+00:00","og_image":[{"url":"https:\/\/www.inteligensa.com\/wp-content\/uploads\/2023\/09\/IMG-03-TySdP_2_Logo-Intelipunto.png","type":"","width":"","height":""}],"twitter_card":"summary_large_image","twitter_misc":{"Est. reading time":"2 minutes"},"schema":{"@context":"https:\/\/schema.org","@graph":[{"@type":"WebPage","@id":"https:\/\/www.inteligensa.com\/sistemas-de-pago\/","url":"https:\/\/www.inteligensa.com\/sistemas-de-pago\/","name":"Sistemas de Pago - Inteligensa","isPartOf":{"@id":"https:\/\/www.inteligensa.com\/#website"},"primaryImageOfPage":{"@id":"https:\/\/www.inteligensa.com\/sistemas-de-pago\/#primaryimage"},"image":{"@id":"https:\/\/www.inteligensa.com\/sistemas-de-pago\/#primaryimage"},"thumbnailUrl":"https:\/\/inteligensa.com\/wp-content\/uploads\/2023\/09\/IMG-03-TySdP_2_Logo-Intelipunto.png","datePublished":"2023-04-20T15:49:19+00:00","dateModified":"2025-11-21T14:01:19+00:00","breadcrumb":{"@id":"https:\/\/www.inteligensa.com\/sistemas-de-pago\/#breadcrumb"},"inLanguage":"en-US","potentialAction":[{"@type":"ReadAction","target":["https:\/\/www.inteligensa.com\/sistemas-de-pago\/"]}]},{"@type":"ImageObject","inLanguage":"en-US","@id":"https:\/\/www.inteligensa.com\/sistemas-de-pago\/#primaryimage","url":"https:\/\/inteligensa.com\/wp-content\/uploads\/2023\/09\/IMG-03-TySdP_2_Logo-Intelipunto.png","contentUrl":"https:\/\/inteligensa.com\/wp-content\/uploads\/2023\/09\/IMG-03-TySdP_2_Logo-Intelipunto.png"},{"@type":"BreadcrumbList","@id":"https:\/\/www.inteligensa.com\/sistemas-de-pago\/#breadcrumb","itemListElement":[{"@type":"ListItem","position":1,"name":"Home","item":"https:\/\/inteligensa.com\/"},{"@type":"ListItem","position":2,"name":"Sistemas de Pago"}]},{"@type":"WebSite","@id":"https:\/\/www.inteligensa.com\/#website","url":"https:\/\/www.inteligensa.com\/","name":"Inteligensa","description":"Inteligensa","potentialAction":[{"@type":"SearchAction","target":{"@type":"EntryPoint","urlTemplate":"https:\/\/www.inteligensa.com\/?s={search_term_string}"},"query-input":{"@type":"PropertyValueSpecification","valueRequired":true,"valueName":"search_term_string"}}],"inLanguage":"en-US"}]}},"jetpack_sharing_enabled":true,"_links":{"self":[{"href":"https:\/\/inteligensa.com\/en\/wp-json\/wp\/v2\/pages\/1817","targetHints":{"allow":["GET"]}}],"collection":[{"href":"https:\/\/inteligensa.com\/en\/wp-json\/wp\/v2\/pages"}],"about":[{"href":"https:\/\/inteligensa.com\/en\/wp-json\/wp\/v2\/types\/page"}],"author":[{"embeddable":true,"href":"https:\/\/inteligensa.com\/en\/wp-json\/wp\/v2\/users\/1"}],"replies":[{"embeddable":true,"href":"https:\/\/inteligensa.com\/en\/wp-json\/wp\/v2\/comments?post=1817"}],"version-history":[{"count":5,"href":"https:\/\/inteligensa.com\/en\/wp-json\/wp\/v2\/pages\/1817\/revisions"}],"predecessor-version":[{"id":3848,"href":"https:\/\/inteligensa.com\/en\/wp-json\/wp\/v2\/pages\/1817\/revisions\/3848"}],"wp:attachment":[{"href":"https:\/\/inteligensa.com\/en\/wp-json\/wp\/v2\/media?parent=1817"}],"curies":[{"name":"wp","href":"https:\/\/api.w.org\/{rel}","templated":true}]}}